

{"id":381,"date":"2025-04-15T10:43:36","date_gmt":"2025-04-15T10:43:36","guid":{"rendered":"https:\/\/237pharmacies.com\/?page_id=381"},"modified":"2025-04-15T11:26:34","modified_gmt":"2025-04-15T11:26:34","slug":"family-pharmacy","status":"publish","type":"page","link":"https:\/\/237pharmacies.com\/?page_id=381","title":{"rendered":"FAMILY Pharmacy"},"content":{"rendered":"\n<p class=\"has-text-align-right\">Dr <\/p>\n\n\n\n<p class=\"has-text-align-right\">T\u00e9l. 677 77 77 77<\/p>\n\n\n\n<p class=\"has-text-align-right\"><a href=\"https:\/\/237pharmacies.com\/?page_id=170\" data-type=\"page\" data-id=\"170\">Message \u00e0 la_Pharmacie<\/a><\/p>\n\n\n\n<div id=\"wp-block-themeisle-blocks-slider-f8db6be7\" class=\"wp-block-themeisle-blocks-slider glide\" data-per-view=\"1\" data-gap=\"0\" data-peek=\"0\" data-autoplay=\"true\" data-height=\"400px\" data-hide-arrows=\"false\"><div class=\"glide__track\" data-glide-el=\"track\"><div class=\"glide__slides\"><div class=\"wp-block-themeisle-blocks-slider-item-wrapper glide__slide\" tabindex=\"0\"><figure><img decoding=\"async\" class=\"wp-block-themeisle-blocks-slider-item\" src=\"https:\/\/237pharmacies.com\/wp-content\/uploads\/2025\/04\/Family-Phy.jpeg\" alt=\"\" title=\"\" data-id=\"384\"\/><\/figure><\/div><\/div><div class=\"glide__bullets\" data-glide-el=\"controls[nav]\"><button class=\"glide__bullet\" data-glide-dir=\"=0\"><\/button><\/div><\/div><\/div>\n\n\n\n<p><strong>G\u00e9olocalisation de la Pharmacie<\/strong><\/p>\n\n\n\n<iframe\n    width=\"100%\"\n    height=\"400\"\n    frameborder=\"0\"\n    style=\"border:0\"\n    loading=\"lazy\"\n    allowfullscreen\n    referrerpolicy=\"no-referrer-when-downgrade\"\n\nsrc=\"https:\/\/www.google.com\/maps\/place\/Family+Pharmacy+Kumba\/@4.6368782,9.4386525,16.75z\/data=!4m10!1m2!2m1!1scentral+pharmacy+de+kumba!3m6!1s0x1060c78350c5da35:0xbb2d695a0bddcac1!8m2!3d4.6344577!4d9.4413346!15sChljZW50cmFsIHBoYXJtYWN5IGRlIGt1bWJh4AEA!16s%2Fg%2F11kb6rgc5x?entry=ttu&#038;g_ep=EgoyMDI1MDQwOS4wIKXMDSoJLDEwMjExNDUzSAFQAw%3D%3D\">\n  <\/iframe>\n\n\n\n<p><\/p>\n","protected":false},"excerpt":{"rendered":"<p>Dr T\u00e9l. 677 77 77 77 Message \u00e0 la_Pharmacie G\u00e9olocalisation de la Pharmacie<\/p>\n","protected":false},"author":1,"featured_media":0,"parent":0,"menu_order":0,"comment_status":"closed","ping_status":"closed","template":"","meta":{"_themeisle_gutenberg_block_has_review":false,"footnotes":""},"class_list":["post-381","page","type-page","status-publish","hentry"],"_links":{"self":[{"href":"https:\/\/237pharmacies.com\/index.php?rest_route=\/wp\/v2\/pages\/381","targetHints":{"allow":["GET"]}}],"collection":[{"href":"https:\/\/237pharmacies.com\/index.php?rest_route=\/wp\/v2\/pages"}],"about":[{"href":"https:\/\/237pharmacies.com\/index.php?rest_route=\/wp\/v2\/types\/page"}],"author":[{"embeddable":true,"href":"https:\/\/237pharmacies.com\/index.php?rest_route=\/wp\/v2\/users\/1"}],"replies":[{"embeddable":true,"href":"https:\/\/237pharmacies.com\/index.php?rest_route=%2Fwp%2Fv2%2Fcomments&post=381"}],"version-history":[{"count":5,"href":"https:\/\/237pharmacies.com\/index.php?rest_route=\/wp\/v2\/pages\/381\/revisions"}],"predecessor-version":[{"id":393,"href":"https:\/\/237pharmacies.com\/index.php?rest_route=\/wp\/v2\/pages\/381\/revisions\/393"}],"wp:attachment":[{"href":"https:\/\/237pharmacies.com\/index.php?rest_route=%2Fwp%2Fv2%2Fmedia&parent=381"}],"curies":[{"name":"wp","href":"https:\/\/api.w.org\/{rel}","templated":true}]}}