

{"id":394,"date":"2025-04-15T11:53:19","date_gmt":"2025-04-15T11:53:19","guid":{"rendered":"https:\/\/237pharmacies.com\/?page_id=394"},"modified":"2026-03-16T08:35:59","modified_gmt":"2026-03-16T08:35:59","slug":"amazing-pharmacy","status":"publish","type":"page","link":"https:\/\/237pharmacies.com\/?page_id=394","title":{"rendered":"AMAZING Pharmacy"},"content":{"rendered":"\n<p class=\"has-text-align-right\">Dr Tapang<\/p>\n\n\n\n<p class=\"has-text-align-right\">T\u00e9l. 677 77 77 <\/p>\n\n\n\n<h2 class=\"wp-block-heading has-text-align-right\"><a href=\"https:\/\/237pharmacies.com\/?page_id=170\" data-type=\"page\" data-id=\"170\">Message \u00e0 la_Pharmacie<\/a> <\/h2>\n\n\n\n<p><strong>Liste des Produits Disponibles<\/strong><\/p>\n\n\n\n<p><strong><em>G\u00e9olocalisation de la Pharmacie<\/em><\/strong><\/p>\n\n\n\n<iframe\n    width=\"100%\"\n    height=\"400\"\n    frameborder=\"0\"\n    style=\"border:0\"\n    loading=\"lazy\"\n    allowfullscreen\n\n    referrerpolicy=\"no-referrer-when-downgrade\"\n\nsrc=\"https:\/\/www.google.com\/maps\/place\/Amazing+Pharmacy\/@7.277923,2.6629235,6z\/data=!4m10!1m2!2m1!1sPharmacies!3m6!1s0x1061318d6c6b5027:0x34ec4eb5b0f399b!8m2!3d4.1562563!4d9.2881568!15sCgpQaGFybWFjaWVzWgwiCnBoYXJtYWNpZXOSAQhwaGFybWFjeeABAA!16s%2Fg%2F11g81dwxmg?entry=ttu&#038;g_ep=EgoyMDI1MDQwOS4wIKXMDSoJLDEwMjExNDUzSAFQAw%3D%3D\">\n>\/iframe>\n","protected":false},"excerpt":{"rendered":"<p>Dr Tapang T\u00e9l. 677 77 77 Message \u00e0 la_Pharmacie Liste des Produits Disponibles G\u00e9olocalisation de la Pharmacie >\/iframe><\/p>\n","protected":false},"author":1,"featured_media":0,"parent":0,"menu_order":0,"comment_status":"closed","ping_status":"closed","template":"","meta":{"_themeisle_gutenberg_block_has_review":false,"footnotes":""},"class_list":["post-394","page","type-page","status-publish","hentry"],"_links":{"self":[{"href":"https:\/\/237pharmacies.com\/index.php?rest_route=\/wp\/v2\/pages\/394","targetHints":{"allow":["GET"]}}],"collection":[{"href":"https:\/\/237pharmacies.com\/index.php?rest_route=\/wp\/v2\/pages"}],"about":[{"href":"https:\/\/237pharmacies.com\/index.php?rest_route=\/wp\/v2\/types\/page"}],"author":[{"embeddable":true,"href":"https:\/\/237pharmacies.com\/index.php?rest_route=\/wp\/v2\/users\/1"}],"replies":[{"embeddable":true,"href":"https:\/\/237pharmacies.com\/index.php?rest_route=%2Fwp%2Fv2%2Fcomments&post=394"}],"version-history":[{"count":5,"href":"https:\/\/237pharmacies.com\/index.php?rest_route=\/wp\/v2\/pages\/394\/revisions"}],"predecessor-version":[{"id":566,"href":"https:\/\/237pharmacies.com\/index.php?rest_route=\/wp\/v2\/pages\/394\/revisions\/566"}],"wp:attachment":[{"href":"https:\/\/237pharmacies.com\/index.php?rest_route=%2Fwp%2Fv2%2Fmedia&parent=394"}],"curies":[{"name":"wp","href":"https:\/\/api.w.org\/{rel}","templated":true}]}}