

{"id":404,"date":"2025-04-15T15:21:41","date_gmt":"2025-04-15T15:21:41","guid":{"rendered":"https:\/\/237pharmacies.com\/?page_id=404"},"modified":"2025-04-15T15:24:06","modified_gmt":"2025-04-15T15:24:06","slug":"pharmacie-cosmos-sante","status":"publish","type":"page","link":"https:\/\/237pharmacies.com\/?page_id=404","title":{"rendered":"Pharmacie COSMOS SANTE"},"content":{"rendered":"\n<p class=\"has-text-align-right\">Dr<\/p>\n\n\n\n<p class=\"has-text-align-right\">T\u00e9l. 699 99 99 99<\/p>\n\n\n\n<h2 class=\"wp-block-heading has-text-align-right\"><a href=\"https:\/\/237pharmacies.com\/?page_id=170\" data-type=\"page\" data-id=\"170\">Message \u00e0 la_Pharmacie<\/a><\/h2>\n\n\n\n<p><strong>Liste des Produits Disponibles<\/strong><\/p>\n\n\n\n<iframe loading=\"lazy\" width=\"600\" height=\"346\" frameborder=\"0\" scrolling=\"no\" src=\"https:\/\/1drv.ms\/x\/c\/11fc4783386839da\/IQRrE6hebw-XRLsbsQpDDUdaAbu2hXqouGsuXekjV1-LUuA?em=2&#038;wdAllowInteractivity=False&#038;wdHideGridlines=True&#038;wdInConfigurator=True&#038;wdInConfigurator=True\"><\/iframe>\n\n\n\n\n<figure class=\"wp-block-image size-large\"><img loading=\"lazy\" decoding=\"async\" width=\"1024\" height=\"768\" src=\"https:\/\/237pharmacies.com\/wp-content\/uploads\/2025\/04\/cosmos-1024x768.jpg\" alt=\"\" class=\"wp-image-405\" srcset=\"https:\/\/237pharmacies.com\/wp-content\/uploads\/2025\/04\/cosmos-1024x768.jpg 1024w, https:\/\/237pharmacies.com\/wp-content\/uploads\/2025\/04\/cosmos-300x225.jpg 300w, https:\/\/237pharmacies.com\/wp-content\/uploads\/2025\/04\/cosmos-768x576.jpg 768w, https:\/\/237pharmacies.com\/wp-content\/uploads\/2025\/04\/cosmos.jpg 1080w\" sizes=\"auto, (max-width: 1024px) 100vw, 1024px\" \/><\/figure>\n\n\n\n<p><strong>G\u00e9olocalisation de la Pharmacie<\/strong><\/p>\n\n\n\n<p><\/p>\n","protected":false},"excerpt":{"rendered":"<p>Dr T\u00e9l. 699 99 99 99 Message \u00e0 la_Pharmacie Liste des Produits Disponibles G\u00e9olocalisation de la Pharmacie<\/p>\n","protected":false},"author":1,"featured_media":0,"parent":0,"menu_order":0,"comment_status":"closed","ping_status":"closed","template":"","meta":{"_themeisle_gutenberg_block_has_review":false,"footnotes":""},"class_list":["post-404","page","type-page","status-publish","hentry"],"_links":{"self":[{"href":"https:\/\/237pharmacies.com\/index.php?rest_route=\/wp\/v2\/pages\/404","targetHints":{"allow":["GET"]}}],"collection":[{"href":"https:\/\/237pharmacies.com\/index.php?rest_route=\/wp\/v2\/pages"}],"about":[{"href":"https:\/\/237pharmacies.com\/index.php?rest_route=\/wp\/v2\/types\/page"}],"author":[{"embeddable":true,"href":"https:\/\/237pharmacies.com\/index.php?rest_route=\/wp\/v2\/users\/1"}],"replies":[{"embeddable":true,"href":"https:\/\/237pharmacies.com\/index.php?rest_route=%2Fwp%2Fv2%2Fcomments&post=404"}],"version-history":[{"count":2,"href":"https:\/\/237pharmacies.com\/index.php?rest_route=\/wp\/v2\/pages\/404\/revisions"}],"predecessor-version":[{"id":407,"href":"https:\/\/237pharmacies.com\/index.php?rest_route=\/wp\/v2\/pages\/404\/revisions\/407"}],"wp:attachment":[{"href":"https:\/\/237pharmacies.com\/index.php?rest_route=%2Fwp%2Fv2%2Fmedia&parent=404"}],"curies":[{"name":"wp","href":"https:\/\/api.w.org\/{rel}","templated":true}]}}