

{"id":408,"date":"2025-04-15T15:34:58","date_gmt":"2025-04-15T15:34:58","guid":{"rendered":"https:\/\/237pharmacies.com\/?page_id=408"},"modified":"2025-04-15T15:38:34","modified_gmt":"2025-04-15T15:38:34","slug":"pharmacie-sacre-coeur","status":"publish","type":"page","link":"https:\/\/237pharmacies.com\/?page_id=408","title":{"rendered":"Pharmacie SACRE COEUR"},"content":{"rendered":"\n<p class=\"has-text-align-right\">Dr DIN<\/p>\n\n\n\n<p class=\"has-text-align-right\">T\u00e9l. 699 99 99 9<\/p>\n\n\n\n<h2 class=\"wp-block-heading has-text-align-right\"><a href=\"https:\/\/237pharmacies.com\/?page_id=170\" data-type=\"page\" data-id=\"170\">Message \u00e0 la_Pharmacie<\/a><\/h2>\n\n\n\n<p><strong>Liste des Produits Disponibles<\/strong><\/p>\n\n\n\n<iframe loading=\"lazy\" width=\"600\" height=\"346\" frameborder=\"0\" scrolling=\"no\" src=\"https:\/\/1drv.ms\/x\/c\/11fc4783386839da\/IQSdN0voraepR4Uoel2e_U6FASNEYrZsw1engmSrSVxx3xU?em=2&#038;wdAllowInteractivity=False&#038;wdHideGridlines=True&#038;wdInConfigurator=True&#038;wdInConfigurator=True\"><\/iframe>\n\n\n\n\n<figure class=\"wp-block-image size-large\"><img loading=\"lazy\" decoding=\"async\" width=\"1024\" height=\"768\" src=\"https:\/\/237pharmacies.com\/wp-content\/uploads\/2025\/04\/sacre-coeur-1024x768.jpg\" alt=\"\" class=\"wp-image-409\" srcset=\"https:\/\/237pharmacies.com\/wp-content\/uploads\/2025\/04\/sacre-coeur-1024x768.jpg 1024w, https:\/\/237pharmacies.com\/wp-content\/uploads\/2025\/04\/sacre-coeur-300x225.jpg 300w, https:\/\/237pharmacies.com\/wp-content\/uploads\/2025\/04\/sacre-coeur-768x576.jpg 768w, https:\/\/237pharmacies.com\/wp-content\/uploads\/2025\/04\/sacre-coeur.jpg 1280w\" sizes=\"auto, (max-width: 1024px) 100vw, 1024px\" \/><\/figure>\n\n\n\n<p><strong>G\u00e9olocalisation de la Pharmacie<\/strong><\/p>\n","protected":false},"excerpt":{"rendered":"<p>Dr DIN T\u00e9l. 699 99 99 9 Message \u00e0 la_Pharmacie Liste des Produits Disponibles G\u00e9olocalisation de la Pharmacie<\/p>\n","protected":false},"author":1,"featured_media":0,"parent":0,"menu_order":0,"comment_status":"closed","ping_status":"closed","template":"","meta":{"_themeisle_gutenberg_block_has_review":false,"footnotes":""},"class_list":["post-408","page","type-page","status-publish","hentry"],"_links":{"self":[{"href":"https:\/\/237pharmacies.com\/index.php?rest_route=\/wp\/v2\/pages\/408","targetHints":{"allow":["GET"]}}],"collection":[{"href":"https:\/\/237pharmacies.com\/index.php?rest_route=\/wp\/v2\/pages"}],"about":[{"href":"https:\/\/237pharmacies.com\/index.php?rest_route=\/wp\/v2\/types\/page"}],"author":[{"embeddable":true,"href":"https:\/\/237pharmacies.com\/index.php?rest_route=\/wp\/v2\/users\/1"}],"replies":[{"embeddable":true,"href":"https:\/\/237pharmacies.com\/index.php?rest_route=%2Fwp%2Fv2%2Fcomments&post=408"}],"version-history":[{"count":2,"href":"https:\/\/237pharmacies.com\/index.php?rest_route=\/wp\/v2\/pages\/408\/revisions"}],"predecessor-version":[{"id":412,"href":"https:\/\/237pharmacies.com\/index.php?rest_route=\/wp\/v2\/pages\/408\/revisions\/412"}],"wp:attachment":[{"href":"https:\/\/237pharmacies.com\/index.php?rest_route=%2Fwp%2Fv2%2Fmedia&parent=408"}],"curies":[{"name":"wp","href":"https:\/\/api.w.org\/{rel}","templated":true}]}}