

{"id":446,"date":"2025-04-17T16:16:37","date_gmt":"2025-04-17T16:16:37","guid":{"rendered":"https:\/\/237pharmacies.com\/?page_id=446"},"modified":"2025-04-17T16:24:08","modified_gmt":"2025-04-17T16:24:08","slug":"grande-pharmacie-zr","status":"publish","type":"page","link":"https:\/\/237pharmacies.com\/?page_id=446","title":{"rendered":"GRANDE Pharmacie  ZR"},"content":{"rendered":"\n<p class=\"has-text-align-right\">Dr <\/p>\n\n\n\n<p class=\"has-text-align-right\">T\u00e9l. 699 99 99 99<\/p>\n\n\n\n<h2 class=\"wp-block-heading has-text-align-right\"><a href=\"https:\/\/237pharmacies.com\/?page_id=170\" data-type=\"page\" data-id=\"170\">Message \u00e0 la Pharmacie<\/a><\/h2>\n\n\n\n<p><strong>Liste des Produits Disponibles<\/strong><\/p>\n\n\n\n<iframe loading=\"lazy\" width=\"600\" height=\"346\" frameborder=\"0\" scrolling=\"no\" src=\"https:\/\/1drv.ms\/x\/c\/11fc4783386839da\/IQQXDg0hqAZCRrQzV9S-sIYFATUhIJlzHRotKJJOGgGiP1g?em=2&#038;wdAllowInteractivity=False&#038;wdHideGridlines=True&#038;wdInConfigurator=True&#038;wdInConfigurator=True\"><\/iframe>\n\n\n\n<figure class=\"wp-block-image size-full\"><img loading=\"lazy\" decoding=\"async\" width=\"960\" height=\"720\" src=\"https:\/\/237pharmacies.com\/wp-content\/uploads\/2025\/04\/Grande-Phie-ZR.jpg\" alt=\"\" class=\"wp-image-447\" srcset=\"https:\/\/237pharmacies.com\/wp-content\/uploads\/2025\/04\/Grande-Phie-ZR.jpg 960w, https:\/\/237pharmacies.com\/wp-content\/uploads\/2025\/04\/Grande-Phie-ZR-300x225.jpg 300w, https:\/\/237pharmacies.com\/wp-content\/uploads\/2025\/04\/Grande-Phie-ZR-768x576.jpg 768w\" sizes=\"auto, (max-width: 960px) 100vw, 960px\" \/><\/figure>\n\n\n\n<p><strong><em>G\u00e9olocalisation de la Pharmacie<\/em><\/strong><\/p>\n\n\n\n<p><a href=\"https:\/\/maps.app.goo.gl\/gcrSsJRCUDH1WqNQ9\">https:\/\/maps.app.goo.gl\/gcrSsJRCUDH1WqNQ9<\/a><\/p>\n","protected":false},"excerpt":{"rendered":"<p>Dr T\u00e9l. 699 99 99 99 Message \u00e0 la Pharmacie Liste des Produits Disponibles G\u00e9olocalisation de la Pharmacie https:\/\/maps.app.goo.gl\/gcrSsJRCUDH1WqNQ9<\/p>\n","protected":false},"author":1,"featured_media":0,"parent":0,"menu_order":0,"comment_status":"closed","ping_status":"closed","template":"","meta":{"_themeisle_gutenberg_block_has_review":false,"footnotes":""},"class_list":["post-446","page","type-page","status-publish","hentry"],"_links":{"self":[{"href":"https:\/\/237pharmacies.com\/index.php?rest_route=\/wp\/v2\/pages\/446","targetHints":{"allow":["GET"]}}],"collection":[{"href":"https:\/\/237pharmacies.com\/index.php?rest_route=\/wp\/v2\/pages"}],"about":[{"href":"https:\/\/237pharmacies.com\/index.php?rest_route=\/wp\/v2\/types\/page"}],"author":[{"embeddable":true,"href":"https:\/\/237pharmacies.com\/index.php?rest_route=\/wp\/v2\/users\/1"}],"replies":[{"embeddable":true,"href":"https:\/\/237pharmacies.com\/index.php?rest_route=%2Fwp%2Fv2%2Fcomments&post=446"}],"version-history":[{"count":4,"href":"https:\/\/237pharmacies.com\/index.php?rest_route=\/wp\/v2\/pages\/446\/revisions"}],"predecessor-version":[{"id":452,"href":"https:\/\/237pharmacies.com\/index.php?rest_route=\/wp\/v2\/pages\/446\/revisions\/452"}],"wp:attachment":[{"href":"https:\/\/237pharmacies.com\/index.php?rest_route=%2Fwp%2Fv2%2Fmedia&parent=446"}],"curies":[{"name":"wp","href":"https:\/\/api.w.org\/{rel}","templated":true}]}}